{"id":38,"date":"2025-11-06T14:44:56","date_gmt":"2025-11-06T14:44:56","guid":{"rendered":"https:\/\/villa-eleonas.com\/?page_id=38"},"modified":"2026-01-28T16:00:08","modified_gmt":"2026-01-28T16:00:08","slug":"over-ons","status":"publish","type":"page","link":"https:\/\/villa-eleonas.com\/de\/over-ons\/","title":{"rendered":"\u00dcber uns"},"content":{"rendered":"<div data-elementor-type=\"wp-page\" data-elementor-id=\"38\" class=\"elementor elementor-38\" data-elementor-post-type=\"page\">\n\t\t\t\t<div class=\"elementor-element elementor-element-5ae9ab3 e-flex e-con-boxed e-con e-parent\" data-id=\"5ae9ab3\" data-element_type=\"container\" data-e-type=\"container\">\n\t\t\t\t\t<div class=\"e-con-inner\">\n\t\t<div class=\"elementor-element elementor-element-7d15b23 e-con-full e-flex e-con e-child\" data-id=\"7d15b23\" data-element_type=\"container\" data-e-type=\"container\">\n\t\t\t\t<div class=\"elementor-element elementor-element-15db802 elementor-widget elementor-widget-heading\" data-id=\"15db802\" data-element_type=\"widget\" data-e-type=\"widget\" data-widget_type=\"heading.default\">\n\t\t\t\t\t<h2 class=\"elementor-heading-title elementor-size-default\">Die Geschichte der Villa Eleonas: Ein Traum wird wahr<\/h2>\t\t\t\t<\/div>\n\t\t\t\t<div class=\"elementor-element elementor-element-574e947 elementor-widget elementor-widget-text-editor\" data-id=\"574e947\" data-element_type=\"widget\" data-e-type=\"widget\" data-widget_type=\"text-editor.default\">\n\t\t\t\t\t\t\t\t\t<p><strong><!-- \/wp:heading --><!-- wp:paragraph --><\/strong><\/p>\n<p>Die Villa Eleonas ist das Ergebnis einer gemeinsamen Leidenschaft einer eng verbundenen Familie: Vater, Mutter, Tochter und Schwiegersohn. Jahrelang sind sie gemeinsam nach Griechenland gereist, um die Sonne, die Kultur und die unvergleichliche Gastfreundschaft zu genie\u00dfen. Der Wunsch, dort eines Tages ein eigenes Haus zu besitzen, wuchs im Laufe der Jahre. Der Traum war klar: ein eigenes Ferienhaus in Griechenland, in dem auch G\u00e4ste in gem\u00fctlichen Wohnungen empfangen werden k\u00f6nnen.<\/p>\n<p><!-- \/wp:paragraph --><!-- wp:heading {\"level\":3} --><\/p>\n<p><!-- \/wp:heading --><!-- wp:paragraph --><\/p>\n<p><!-- \/wp:paragraph --><\/p>\t\t\t\t\t\t\t\t<\/div>\n\t\t\t\t<div class=\"elementor-element elementor-element-e739b13 elementor-widget elementor-widget-heading\" data-id=\"e739b13\" data-element_type=\"widget\" data-e-type=\"widget\" data-widget_type=\"heading.default\">\n\t\t\t\t\t<h2 class=\"elementor-heading-title elementor-size-default\">Der Weg nach Amali\u00e1poli<\/h2>\t\t\t\t<\/div>\n\t\t\t\t<div class=\"elementor-element elementor-element-6c6205e elementor-widget elementor-widget-text-editor\" data-id=\"6c6205e\" data-element_type=\"widget\" data-e-type=\"widget\" data-widget_type=\"text-editor.default\">\n\t\t\t\t\t\t\t\t\t<p><strong><!-- \/wp:heading --><!-- wp:paragraph --><\/strong><\/p>\n<p><!-- \/wp:heading --><!-- wp:paragraph --><\/p>\n<p>Die Verbindung mit der Region ist tief verwurzelt. Der Schwiegersohn hat seine Wurzeln in der Gegend von Amali\u00e1poli, wo seine Familie noch immer lebt. Obwohl die Villa bei der Suche weit au\u00dferhalb des urspr\u00fcnglichen Suchbereichs lag, war die Begegnung mit dem Anwesen und seiner Umgebung Liebe auf den ersten Blick. Die Ruhe der Olivenhaine, die authentische Atmosph\u00e4re des Dorfes und der weite Blick \u00fcber den Pagasitischen Golf waren ausschlaggebend.<\/p>\n<p><!-- \/wp:paragraph --><!-- wp:heading {\"level\":3} --><\/p>\n<p><!-- \/wp:paragraph --><\/p>\t\t\t\t\t\t\t\t<\/div>\n\t\t\t\t<div class=\"elementor-element elementor-element-8770340 elementor-widget elementor-widget-heading\" data-id=\"8770340\" data-element_type=\"widget\" data-e-type=\"widget\" data-widget_type=\"heading.default\">\n\t\t\t\t\t<h2 class=\"elementor-heading-title elementor-size-default\">Vom Traum zur Wirklichkeit<\/h2>\t\t\t\t<\/div>\n\t\t\t\t<div class=\"elementor-element elementor-element-56b3cda elementor-widget elementor-widget-text-editor\" data-id=\"56b3cda\" data-element_type=\"widget\" data-e-type=\"widget\" data-widget_type=\"text-editor.default\">\n\t\t\t\t\t\t\t\t\t<p><strong><!-- \/wp:heading --><!-- wp:paragraph --><\/strong><\/p>\n<p><!-- \/wp:heading --><!-- wp:paragraph --><\/p>\n<p>Im Juni 2025 wurde der Traum Wirklichkeit und die Familie konnte sich offiziell Eigent\u00fcmer der Villa Eleonas nennen. Seitdem haben sie mit Leidenschaft daran gearbeitet, das Haus und die Wohnungen f\u00fcr einen unvergesslichen Aufenthalt herzurichten. Inzwischen sind auch die beiden j\u00fcngsten Kinder der Familie regelm\u00e4\u00dfig hier anzutreffen und geben die Liebe zu Griechenland an die n\u00e4chste Generation weiter.<\/p>\n<p><!-- \/wp:paragraph --><!-- wp:paragraph --><\/p>\n<p>In der Villa Eleonas dreht sich alles um Gastfreundschaft und das Gef\u00fchl, nach Hause zu kommen. Die G\u00e4ste sind herzlich eingeladen, die Ruhe, die griechische Sonne und die pers\u00f6nliche Atmosph\u00e4re dieses besonderen Hauses unter Olivenb\u00e4umen zu genie\u00dfen.<\/p>\n<p><!-- \/wp:paragraph --><\/p>\t\t\t\t\t\t\t\t<\/div>\n\t\t\t\t<\/div>\n\t\t<div class=\"elementor-element elementor-element-ec8f01a e-con-full e-flex e-con e-child\" data-id=\"ec8f01a\" data-element_type=\"container\" data-e-type=\"container\">\n\t\t<div class=\"elementor-element elementor-element-27bb86e e-con-full e-flex e-con e-child\" data-id=\"27bb86e\" data-element_type=\"container\" data-e-type=\"container\">\n\t\t\t\t<div class=\"elementor-element elementor-element-a6285c6 elementor-widget elementor-widget-image\" data-id=\"a6285c6\" data-element_type=\"widget\" data-e-type=\"widget\" data-widget_type=\"image.default\">\n\t\t\t\t\t\t\t\t\t\t\t\t\t\t\t<img fetchpriority=\"high\" decoding=\"async\" width=\"800\" height=\"785\" src=\"https:\/\/villa-eleonas.com\/wp-content\/uploads\/2026\/01\/villa-eleonas-over-ons-1024x1005.jpg\" class=\"attachment-large size-large wp-image-317\" alt=\"villa-eleonas-over-ons\" srcset=\"https:\/\/villa-eleonas.com\/wp-content\/uploads\/2026\/01\/villa-eleonas-over-ons-1024x1005.jpg 1024w, https:\/\/villa-eleonas.com\/wp-content\/uploads\/2026\/01\/villa-eleonas-over-ons-300x295.jpg 300w, https:\/\/villa-eleonas.com\/wp-content\/uploads\/2026\/01\/villa-eleonas-over-ons-768x754.jpg 768w, https:\/\/villa-eleonas.com\/wp-content\/uploads\/2026\/01\/villa-eleonas-over-ons-12x12.jpg 12w, https:\/\/villa-eleonas.com\/wp-content\/uploads\/2026\/01\/villa-eleonas-over-ons.jpg 1200w\" sizes=\"(max-width: 800px) 100vw, 800px\" \/>\t\t\t\t\t\t\t\t\t\t\t\t\t\t\t<\/div>\n\t\t\t\t<\/div>\n\t\t\t\t<\/div>\n\t\t\t\t\t<\/div>\n\t\t\t\t<\/div>\n\t\t\t\t<\/div>","protected":false},"excerpt":{"rendered":"<p>Het verhaal achter Villa Eleonas: Een droom die uitkwam Villa Eleonas is het resultaat van een gedeelde passie van een hechte familie: vader, moeder, dochter en schoonzoon. Al jaren trekken zij gezamenlijk naar Griekenland om te genieten van de zon, de cultuur en de onge\u00ebvenaarde gastvrijheid. De wens om daar ooit een eigen plek te [&hellip;]<\/p>\n","protected":false},"author":1,"featured_media":62,"parent":0,"menu_order":0,"comment_status":"closed","ping_status":"closed","template":"","meta":{"_acf_changed":false,"footnotes":""},"class_list":["post-38","page","type-page","status-publish","has-post-thumbnail","hentry"],"acf":[],"_links":{"self":[{"href":"https:\/\/villa-eleonas.com\/de\/wp-json\/wp\/v2\/pages\/38","targetHints":{"allow":["GET"]}}],"collection":[{"href":"https:\/\/villa-eleonas.com\/de\/wp-json\/wp\/v2\/pages"}],"about":[{"href":"https:\/\/villa-eleonas.com\/de\/wp-json\/wp\/v2\/types\/page"}],"author":[{"embeddable":true,"href":"https:\/\/villa-eleonas.com\/de\/wp-json\/wp\/v2\/users\/1"}],"replies":[{"embeddable":true,"href":"https:\/\/villa-eleonas.com\/de\/wp-json\/wp\/v2\/comments?post=38"}],"version-history":[{"count":0,"href":"https:\/\/villa-eleonas.com\/de\/wp-json\/wp\/v2\/pages\/38\/revisions"}],"wp:featuredmedia":[{"embeddable":true,"href":"https:\/\/villa-eleonas.com\/de\/wp-json\/wp\/v2\/media\/62"}],"wp:attachment":[{"href":"https:\/\/villa-eleonas.com\/de\/wp-json\/wp\/v2\/media?parent=38"}],"curies":[{"name":"wp","href":"https:\/\/api.w.org\/{rel}","templated":true}]}}